


{"id":110,"date":"2022-10-10T12:01:51","date_gmt":"2022-10-10T09:01:51","guid":{"rendered":"https:\/\/www.droguzcortuk.com\/de\/?page_id=110"},"modified":"2022-12-06T14:12:38","modified_gmt":"2022-12-06T11:12:38","slug":"uber-mich","status":"publish","type":"page","link":"https:\/\/www.droguzcortuk.com\/de\/uber-mich\/","title":{"rendered":"\u00dcber Mich"},"content":{"rendered":"<p><img loading=\"lazy\" decoding=\"async\" class=\"alignleft wp-image-115\" style=\"float: left; margin-right: 15px;\" src=\"http:\/\/mediacrabs.com\/DrOguzCortuk\/wp-content\/uploads\/2022\/10\/droguz-683x1024.jpg\" width=\"350\" height=\"525\" srcset=\"https:\/\/www.droguzcortuk.com\/de\/wp-content\/uploads\/2022\/10\/droguz-683x1024.jpg 683w, https:\/\/www.droguzcortuk.com\/de\/wp-content\/uploads\/2022\/10\/droguz-200x300.jpg 200w, https:\/\/www.droguzcortuk.com\/de\/wp-content\/uploads\/2022\/10\/droguz.jpg 760w\" sizes=\"auto, (max-width: 350px) 100vw, 350px\" \/><\/p>\n<p>Op. Dr.\u00a0 O\u011fuz \u00c7\u00d6RT\u00dcK erhielt seine medizinische Ausbildung zwischen 1998 und 2005 an der medizinischen Fakult\u00e4t der Universit\u00e4t Istanbul. Von 2008 bis 2014 absolvierte er sein Studium am Ausbildungs- und Forschungskrankenhaus Ba\u011fc\u0131lar, Klinik f\u00fcr plastische, rekonstruktive und \u00e4sthetische Chirurgie, und wurde Facharzt f\u00fcr plastische, rekonstruktive und \u00e4sthetische Chirurgie.<\/p>\n<p>Von 2014-2015 leistete er seinen Staatsdienst am staatlichen Krankenhaus Atat\u00fcrk, Sinop. 2015-2017 arbeitete er als Facharzt am Ausbildungs- und Forschungskrankenhaus Istanbul GOP, Klinik f\u00fcr Plastische Rekonstruktive und \u00c4sthetische Chirurgie. W\u00e4hrend seiner Ausbildung und seines Fachwissens interessierte er sich besonders f\u00fcr Brust- und Nasenkorrekturen, minimal-invasive \u00e4sthetische Eingriffe (Botox, Filling, PRP, Mesotherapie, nicht-chirurgische Facelifting-Anwendungen), Mikrochirurgie, Handchirurgie, Verbrennungs- und Kiefertraumata, onkoplastische Chirurgie und Extremit\u00e4tenbr\u00fcche. Er hat wissenschaftliche Studien \u00fcber verschiedene Techniken der plastischen Chirurgie in in- und ausl\u00e4ndischen Fachzeitschriften ver\u00f6ffentlicht.<\/p>\n<p>Im Jahr 2018 er\u00f6ffnete er seine freie Praxis in Terrace Fulya Residance und f\u00fchrte Hunderte von \u00e4sthetisch-chirurgischen Operationen mit einem privaten Gesundheitstourismusunternehmen durch. Im Oktober 2019 gr\u00fcndete er zusammen mit Dr. Alpay Duran die Lavien-Klinik.<br \/>\nEr f\u00fchrt weiterhin alle \u00e4sthetischen Operationen und medizinisch-\u00e4sthetischen Verfahren unter dem Dach der Lavien-Klinik durch.<\/p>\n<p>&nbsp;<\/p>\n<h2><strong>BILDUNGSSTATUS<\/strong><\/h2>\n<ul>\n<li>BACHELOR: Universit\u00e4t Istanbul, Medizinische Fakult\u00e4t Istanbul 1998-2000<\/li>\n<li>MASTER: Universit\u00e4t Istanbul, Medizinische Fakult\u00e4t Istanbul 2001-2005<\/li>\n<li>DOKTORAT \/ S.KOMPETENZ \/ SPEZIALISIERUNG IN MEDIZIN: Klinik f\u00fcr plastische, rekonstruktive und \u00e4sthetische Chirurgie, Ausbildungs- und Forschungskrankenhaus Ba\u011fc\u0131lar 2009-2014<\/li>\n<\/ul>\n<h2><strong>AUFGABEN<\/strong><\/h2>\n<ul>\n<li>Dr \/ Amasya Ta\u015fova Esen\u00e7ay S.O. \/ 2006<\/li>\n<li>Dr \/ \u00c7apa K\u0131z\u0131lay Blutspendezentrum \/ 2007-2008<\/li>\n<li>Ausbildungs- und Forschungskrankenhaus Ba\u011fc\u0131lar, Klinik f\u00fcr plastische, rekonstruktive und \u00e4sthetische Chirurgie \/ 2009\/2014<\/li>\n<li>\u00a0Facharzt \/ Staatlichen Krankenhaus Atat\u00fcrk, Sinop \/ 2014-2016<\/li>\n<li>\u00a0Facharzt \/ Ausbildungs- und Forschungskrankenhaus Istanbul GOP \/ 2016-2018<\/li>\n<li>Terrasse Fulya Residance freie Arztpraxis und 2018-2019<\/li>\n<li>Lavien Klinik 2019 Oktober &#8211; noch<\/li>\n<li>Zulassungsbescheinigung f\u00fcr Gesundheitstourismus ist verf\u00fcgbar<\/li>\n<\/ul>\n<h2><strong>FACHARZT THESENTITEL und THESENBERATER<\/strong><\/h2>\n<ul>\n<li>Auswirkungen der Ozontherapie auf das \u00dcberleben des Lappens bei nikotinisierten und nicht nikotinisierten Ratten (experimentell)<\/li>\n<li>Berater: Assoz.Dr.Samet Vasfi Kuvat<\/li>\n<\/ul>\n<h2><strong>MITGLIEDSCHAFTEN IN WISSENSCHAFTLICHEN ORGANISATIONEN<\/strong><\/h2>\n<ul>\n<li>Europ\u00e4ische Gesellschaft f\u00fcr Rhinoplastik (RSE)<\/li>\n<li>Die Internationale Gesellschaft f\u00fcr \u00c4sthetisch-Plastische Chirurgie (ISAPS)<\/li>\n<li>T\u00fcrkischer Verband f\u00fcr plastische, rekonstruktive, \u00e4sthetische und chirurgische Medizin (TPRECD)<\/li>\n<li>Verband f\u00fcr \u00c4sthetische, Plastische Chirurgie (EPCD)<\/li>\n<li>Gesellschaft f\u00fcr rekonstruktive Mikrochirurgie (RMCD)<\/li>\n<li>Verband f\u00fcr Notfallhandchirurgie und Mikrochirurgie (ACELEMDER)<\/li>\n<li>T\u00fcrkischer \u00c4rzteverband (TTB)<\/li>\n<\/ul>\n","protected":false},"excerpt":{"rendered":"<p>Op. Dr.\u00a0 O\u011fuz \u00c7\u00d6RT\u00dcK erhielt seine medizinische Ausbildung zwischen 1998 und 2005 an der medizinischen Fakult\u00e4t der Universit\u00e4t Istanbul. Von 2008 bis 2014 absolvierte er sein Studium am Ausbildungs- und Forschungskrankenhaus Ba\u011fc\u0131lar, Klinik f\u00fcr plastische, rekonstruktive und \u00e4sthetische Chirurgie, und wurde Facharzt f\u00fcr plastische, rekonstruktive und \u00e4sthetische Chirurgie. Von 2014-2015 leistete er seinen Staatsdienst am [&hellip;]<\/p>\n","protected":false},"author":1,"featured_media":0,"parent":0,"menu_order":0,"comment_status":"closed","ping_status":"closed","template":"","meta":{"footnotes":""},"class_list":["post-110","page","type-page","status-publish","hentry"],"_links":{"self":[{"href":"https:\/\/www.droguzcortuk.com\/de\/wp-json\/wp\/v2\/pages\/110","targetHints":{"allow":["GET"]}}],"collection":[{"href":"https:\/\/www.droguzcortuk.com\/de\/wp-json\/wp\/v2\/pages"}],"about":[{"href":"https:\/\/www.droguzcortuk.com\/de\/wp-json\/wp\/v2\/types\/page"}],"author":[{"embeddable":true,"href":"https:\/\/www.droguzcortuk.com\/de\/wp-json\/wp\/v2\/users\/1"}],"replies":[{"embeddable":true,"href":"https:\/\/www.droguzcortuk.com\/de\/wp-json\/wp\/v2\/comments?post=110"}],"version-history":[{"count":15,"href":"https:\/\/www.droguzcortuk.com\/de\/wp-json\/wp\/v2\/pages\/110\/revisions"}],"predecessor-version":[{"id":229,"href":"https:\/\/www.droguzcortuk.com\/de\/wp-json\/wp\/v2\/pages\/110\/revisions\/229"}],"wp:attachment":[{"href":"https:\/\/www.droguzcortuk.com\/de\/wp-json\/wp\/v2\/media?parent=110"}],"curies":[{"name":"wp","href":"https:\/\/api.w.org\/{rel}","templated":true}]}}