


{"id":110,"date":"2022-10-10T12:01:51","date_gmt":"2022-10-10T09:01:51","guid":{"rendered":"https:\/\/www.droguzcortuk.com\/en\/?page_id=110"},"modified":"2022-12-06T14:17:37","modified_gmt":"2022-12-06T11:17:37","slug":"about-me","status":"publish","type":"page","link":"https:\/\/www.droguzcortuk.com\/en\/about-me\/","title":{"rendered":"About Me"},"content":{"rendered":"<p><img loading=\"lazy\" decoding=\"async\" class=\"alignleft wp-image-115\" style=\"float: left; margin-right: 15px;\" src=\"http:\/\/mediacrabs.com\/DrOguzCortuk\/wp-content\/uploads\/2022\/10\/droguz-683x1024.jpg\" width=\"350\" height=\"525\" srcset=\"https:\/\/www.droguzcortuk.com\/en\/wp-content\/uploads\/2022\/10\/droguz-683x1024.jpg 683w, https:\/\/www.droguzcortuk.com\/en\/wp-content\/uploads\/2022\/10\/droguz-200x300.jpg 200w, https:\/\/www.droguzcortuk.com\/en\/wp-content\/uploads\/2022\/10\/droguz.jpg 760w\" sizes=\"auto, (max-width: 350px) 100vw, 350px\" \/><\/p>\n<p>Surgeon O\u011fuz \u00c7\u00d6RT\u00dcK studied medicine at Istanbul University, Istanbul Faculty of Medicine between 1998-2005. He became a Plastic Reconstructive and Aesthetic Surgery Specialist after studying at the Ministry of Health Ba\u011fc\u0131lar Training and Research Hospital, Plastic Reconstructive and Aesthetic Surgery clinic between 2008-2014.<\/p>\n<p>He completed his state service at Sinop Atat\u00fcrk State Hospital during 2014 and 2015. Between 2015 and 2017, he worked as a specialist doctor in Istanbul GOP Taksim Training and Research Hospital, Plastic Reconstructive and Aesthetic Surgery clinic. During his education and specialization, he was closely involved in breast and nose aesthetics, minimally invasive aesthetic procedures (botox, filling, PRP, mesotherapy, non-surgical face lift applications), microsurgery, hand surgery, burns and maxillofacial traumas, oncoplastic surgery and limb ruptures. He has had scientific articles published in domestic and international journals on various plastic surgery techniques.<\/p>\n<p>He opened his private practice at Terrace Fulya Residence in 2018 and has performed hundreds of aesthetic surgery procedures with a private health tourism company. In October 2019, he founded Lavien clinic together with Dr. Alpay Duran.<\/p>\n<p>He continues to carry out all Aesthetic surgeries and medical aesthetic procedures under the umbrella of Lavien clinic.<\/p>\n<h2><strong>EDUCATION<\/strong><\/h2>\n<ul>\n<li>UNDERGRADUATE: Istanbul University Istanbul Faculty of Medicine 1998-2000<\/li>\n<li>MASTER\u2019 Degree: Istanbul University Istanbul Faculty of Medicine 2001-2005<\/li>\n<li>PHD \/ proficiency \/ specialization in medicine: Plastic Reconstructive and Aesthetic Surgery Clinic Ba\u011fc\u0131lar Training and Research Hospital 2009-2014<\/li>\n<\/ul>\n<p>&nbsp;<\/p>\n<h2><strong>PROFESSIONAL EXPERIENCE<\/strong><\/h2>\n<ul>\n<li>Dr \/ Amasya Ta\u015fova Esen\u00e7ay S.O. \/ 2006<\/li>\n<li>Dr \/ \u00c7apa K\u0131z\u0131lay Blood Bank \/ 2007-2008<\/li>\n<li>Dr. Research Assistant \/ Ba\u011fc\u0131lar Training and Research Hospital Plastic, Reconstructive and Aesthetic Surgery Clinic \/ 2009-2014<\/li>\n<li>Specialist \u00a0Dr. \/ Sinop Atat\u00fcrk State Hospital \/ 2014-2016<\/li>\n<li>Specialist \u00a0Dr. \/ GOP Taksim Training and Research Hospital \/ 2016-2018<\/li>\n<li>Terrace Fulya Residence private practice 2018-2019<\/li>\n<li>Lavien clinic October 2019 \u2013 present<\/li>\n<li>A Health Tourism Authorization Certificate is available<\/li>\n<\/ul>\n<h2><strong>SPECIALIZATION THESIS TITLE and THESIS ADVISOR<\/strong><\/h2>\n<ul>\n<li>Effects of Ozonetherapy on flap survival in nicotinized and non-nicotinized rats (Experimental)<\/li>\n<li>Advisor:Assoc.Prof.Samet Vasfi Kuvat<\/li>\n<\/ul>\n<h2><strong>MEMBERSHIPS TO SCIENTIFIC INSTITUTIONS<\/strong><\/h2>\n<ul>\n<li>Rhinoplasty Society of Europe (RSE)<\/li>\n<li>The \u0130nternational Society of Aesthetic Plastic Surgery (ISAPS)<\/li>\n<li>Turkish Plastic Reconstructive Aesthetics and Surgery Association (TPRECD)<\/li>\n<li>Aesthetics and Plastic Surgery Association (EPCD)<\/li>\n<li>Society for Reconstructive Microsurgery (RMCD)<\/li>\n<li>Emergency Hand Surgery and Microsurgery Association (ACELEMDER)<\/li>\n<li>Turkish Medical Association (TTB)<\/li>\n<\/ul>\n","protected":false},"excerpt":{"rendered":"<p>Surgeon O\u011fuz \u00c7\u00d6RT\u00dcK studied medicine at Istanbul University, Istanbul Faculty of Medicine between 1998-2005. He became a Plastic Reconstructive and Aesthetic Surgery Specialist after studying at the Ministry of Health Ba\u011fc\u0131lar Training and Research Hospital, Plastic Reconstructive and Aesthetic Surgery clinic between 2008-2014. He completed his state service at Sinop Atat\u00fcrk State Hospital during 2014 [&hellip;]<\/p>\n","protected":false},"author":1,"featured_media":0,"parent":0,"menu_order":0,"comment_status":"closed","ping_status":"closed","template":"","meta":{"footnotes":""},"class_list":["post-110","page","type-page","status-publish","hentry"],"_links":{"self":[{"href":"https:\/\/www.droguzcortuk.com\/en\/wp-json\/wp\/v2\/pages\/110","targetHints":{"allow":["GET"]}}],"collection":[{"href":"https:\/\/www.droguzcortuk.com\/en\/wp-json\/wp\/v2\/pages"}],"about":[{"href":"https:\/\/www.droguzcortuk.com\/en\/wp-json\/wp\/v2\/types\/page"}],"author":[{"embeddable":true,"href":"https:\/\/www.droguzcortuk.com\/en\/wp-json\/wp\/v2\/users\/1"}],"replies":[{"embeddable":true,"href":"https:\/\/www.droguzcortuk.com\/en\/wp-json\/wp\/v2\/comments?post=110"}],"version-history":[{"count":16,"href":"https:\/\/www.droguzcortuk.com\/en\/wp-json\/wp\/v2\/pages\/110\/revisions"}],"predecessor-version":[{"id":239,"href":"https:\/\/www.droguzcortuk.com\/en\/wp-json\/wp\/v2\/pages\/110\/revisions\/239"}],"wp:attachment":[{"href":"https:\/\/www.droguzcortuk.com\/en\/wp-json\/wp\/v2\/media?parent=110"}],"curies":[{"name":"wp","href":"https:\/\/api.w.org\/{rel}","templated":true}]}}